{"id":1394,"date":"2024-01-07T20:47:03","date_gmt":"2024-01-07T19:47:03","guid":{"rendered":"https:\/\/letsplaybrand.com\/index.php\/product\/camiseta-unisex-lets-play-collection\/"},"modified":"2024-01-28T11:02:55","modified_gmt":"2024-01-28T10:02:55","slug":"camiseta-unisex-lets-play-collection","status":"publish","type":"product","link":"https:\/\/letsplaybrand.com\/index.php\/product\/camiseta-unisex-lets-play-collection\/","title":{"rendered":"CAMISETA LET&#8217;S PLAY COLLECTION"},"content":{"rendered":"<p>El significado de esta camiseta es algo \u00fanico. <br \/>\nParece simple, una camiseta negra estampada. <br \/>\nPero esta camiseta fue el primer producto de la primera colecci\u00f3n de &#8216;LET&#8217;S PLAY Brand&#8217;, cuando se convirti\u00f3 en una marca de ropa oficial. <br \/>\nPor eso es simple y econ\u00f3mica, para que sea accesible a todas las personas, todas esas personas que nos apoyaron e hicieron posible que &#8216;LET&#8217;S PLAY Brand&#8217; pudiera existir.<\/p>\n<p>Caracter\u00edsticas:<br \/>\n\u2022 100% algod\u00f3n<br \/>\n\u2022 El tono Sport Grey es 90% algod\u00f3n y 10% poli\u00e9ster<br \/>\n\u2022 El tono Ash Grey es 99% algod\u00f3n y 1% poli\u00e9ster<br \/>\n\u2022 Los tonos Heather son 50% algod\u00f3n y 50% poli\u00e9ster<br \/>\n\u2022 Peso del tejido: 170\u2013180 g\/m\u00b2 (5.0\u20135.3 oz\/yd\u00b2) <br \/>\n\u2022 Tejido tubular<br \/>\n\u2022 Cuello y hombros con reborde<br \/>\n\u2022 Doble costura en mangas y dobladillo inferior<br \/>\n\u2022 Producto base procedente de Honduras, Nicaragua, Hait\u00ed, Rep\u00fablica Dominicana, Banglad\u00e9s, M\u00e9xico<\/p>\n","protected":false},"excerpt":{"rendered":"<p>El significado de esta camiseta es algo \u00fanico. Parece simple, una camiseta negra estampada. Pero esta camiseta fue el primer producto de la primera colecci\u00f3n de &#8216;LET&#8217;S PLAY Brand&#8217;, cuando se convirti\u00f3 en una marca de ropa oficial. Por eso es simple y econ\u00f3mica, para que sea accesible a todas las personas, todas esas personas [&hellip;]<\/p>\n","protected":false},"featured_media":1402,"template":"","meta":{"site-sidebar-layout":"default","site-content-layout":"","ast-site-content-layout":"","site-content-style":"default","site-sidebar-style":"default","ast-global-header-display":"","ast-banner-title-visibility":"","ast-main-header-display":"","ast-hfb-above-header-display":"","ast-hfb-below-header-display":"","ast-hfb-mobile-header-display":"","site-post-title":"","ast-breadcrumbs-content":"","ast-featured-img":"","footer-sml-layout":"","theme-transparent-header-meta":"","adv-header-id-meta":"","stick-header-meta":"","header-above-stick-meta":"","header-main-stick-meta":"","header-below-stick-meta":"","astra-migrate-meta-layouts":"default","ast-page-background-enabled":"default","ast-page-background-meta":{"desktop":{"background-color":"var(--ast-global-color-4)","background-image":"","background-repeat":"repeat","background-position":"center center","background-size":"auto","background-attachment":"scroll","background-type":"","background-media":"","overlay-type":"","overlay-color":"","overlay-opacity":"","overlay-gradient":""},"tablet":{"background-color":"","background-image":"","background-repeat":"repeat","background-position":"center center","background-size":"auto","background-attachment":"scroll","background-type":"","background-media":"","overlay-type":"","overlay-color":"","overlay-opacity":"","overlay-gradient":""},"mobile":{"background-color":"","background-image":"","background-repeat":"repeat","background-position":"center center","background-size":"auto","background-attachment":"scroll","background-type":"","background-media":"","overlay-type":"","overlay-color":"","overlay-opacity":"","overlay-gradient":""}},"ast-content-background-meta":{"desktop":{"background-color":"var(--ast-global-color-5)","background-image":"","background-repeat":"repeat","background-position":"center center","background-size":"auto","background-attachment":"scroll","background-type":"","background-media":"","overlay-type":"","overlay-color":"","overlay-opacity":"","overlay-gradient":""},"tablet":{"background-color":"var(--ast-global-color-5)","background-image":"","background-repeat":"repeat","background-position":"center center","background-size":"auto","background-attachment":"scroll","background-type":"","background-media":"","overlay-type":"","overlay-color":"","overlay-opacity":"","overlay-gradient":""},"mobile":{"background-color":"var(--ast-global-color-5)","background-image":"","background-repeat":"repeat","background-position":"center center","background-size":"auto","background-attachment":"scroll","background-type":"","background-media":"","overlay-type":"","overlay-color":"","overlay-opacity":"","overlay-gradient":""}}},"product_brand":[],"product_cat":[78],"product_tag":[100],"class_list":{"0":"post-1394","1":"product","2":"type-product","3":"status-publish","4":"has-post-thumbnail","6":"product_cat-camisetas","7":"product_tag-lets-play-collection","8":"desktop-align-left","9":"tablet-align-left","10":"mobile-align-left","12":"first","13":"instock","14":"taxable","15":"shipping-taxable","16":"purchasable","17":"product-type-variable"},"jetpack_sharing_enabled":true,"_links":{"self":[{"href":"https:\/\/letsplaybrand.com\/index.php\/wp-json\/wp\/v2\/product\/1394"}],"collection":[{"href":"https:\/\/letsplaybrand.com\/index.php\/wp-json\/wp\/v2\/product"}],"about":[{"href":"https:\/\/letsplaybrand.com\/index.php\/wp-json\/wp\/v2\/types\/product"}],"wp:featuredmedia":[{"embeddable":true,"href":"https:\/\/letsplaybrand.com\/index.php\/wp-json\/wp\/v2\/media\/1402"}],"wp:attachment":[{"href":"https:\/\/letsplaybrand.com\/index.php\/wp-json\/wp\/v2\/media?parent=1394"}],"wp:term":[{"taxonomy":"product_brand","embeddable":true,"href":"https:\/\/letsplaybrand.com\/index.php\/wp-json\/wp\/v2\/product_brand?post=1394"},{"taxonomy":"product_cat","embeddable":true,"href":"https:\/\/letsplaybrand.com\/index.php\/wp-json\/wp\/v2\/product_cat?post=1394"},{"taxonomy":"product_tag","embeddable":true,"href":"https:\/\/letsplaybrand.com\/index.php\/wp-json\/wp\/v2\/product_tag?post=1394"}],"curies":[{"name":"wp","href":"https:\/\/api.w.org\/{rel}","templated":true}]}}